{"id":1459,"date":"2025-10-08T19:43:42","date_gmt":"2025-10-08T19:43:42","guid":{"rendered":"https:\/\/voyagesracines.com\/?post_type=product&#038;p=1459"},"modified":"2025-10-09T16:17:15","modified_gmt":"2025-10-09T16:17:15","slug":"circuits-port-denarau","status":"publish","type":"product","link":"https:\/\/voyagesracines.com\/en\/produit\/circuits-port-denarau\/","title":{"rendered":"Circuits Port Denarau"},"content":{"rendered":"<p>S\u00c9JOUR H\u00d4TEL &#8211; PORT DENARAU H\u00c9BERGEMENT DE 7 NUITS \u00c0 PARTIR DE 1,209$ PAR PERSONNE EN OCCUPATION DOUBLE<\/p>\n","protected":false},"excerpt":{"rendered":"<p>S\u00c9JOUR H\u00d4TEL &#8211; PORT DENARAU H\u00c9BERGEMENT DE 7 NUITS \u00c0  [&#8230;]<\/p>\n","protected":false},"featured_media":1464,"comment_status":"open","ping_status":"closed","template":"","meta":{"inline_featured_image":false},"product_brand":[],"product_cat":[25],"product_tag":[],"class_list":{"0":"post-1459","1":"product","2":"type-product","3":"status-publish","4":"has-post-thumbnail","6":"product_cat-non-classifiee","8":"first","9":"instock","10":"taxable","11":"shipping-taxable","12":"purchasable","13":"product-type-simple"},"yoast_head":"<!-- This site is optimized with the Yoast SEO plugin v26.2 - https:\/\/yoast.com\/wordpress\/plugins\/seo\/ -->\n<title>Circuits Port Denarau - Voyages racines<\/title>\n<meta name=\"robots\" content=\"index, follow, max-snippet:-1, max-image-preview:large, max-video-preview:-1\" \/>\n<link rel=\"canonical\" href=\"https:\/\/voyagesracines.com\/en\/produit\/circuits-port-denarau\/\" \/>\n<meta property=\"og:locale\" content=\"en_US\" \/>\n<meta property=\"og:type\" content=\"article\" \/>\n<meta property=\"og:title\" content=\"Circuits Port Denarau - Voyages racines\" \/>\n<meta property=\"og:description\" content=\"S\u00c9JOUR H\u00d4TEL &#8211; PORT DENARAU H\u00c9BERGEMENT DE 7 NUITS \u00c0 [...]\" \/>\n<meta property=\"og:url\" content=\"https:\/\/voyagesracines.com\/en\/produit\/circuits-port-denarau\/\" \/>\n<meta property=\"og:site_name\" content=\"Voyages racines\" \/>\n<meta property=\"article:modified_time\" content=\"2025-10-09T16:17:15+00:00\" \/>\n<meta property=\"og:image\" content=\"https:\/\/voyagesracines.com\/wp-content\/uploads\/2025\/10\/PORT-DENARAU-scaled.jpg\" \/>\n\t<meta property=\"og:image:width\" content=\"1707\" \/>\n\t<meta property=\"og:image:height\" content=\"2560\" \/>\n\t<meta property=\"og:image:type\" content=\"image\/jpeg\" \/>\n<meta name=\"twitter:card\" content=\"summary_large_image\" \/>\n<meta name=\"twitter:label1\" content=\"Est. reading time\" \/>\n\t<meta name=\"twitter:data1\" content=\"1 minute\" \/>\n<script type=\"application\/ld+json\" class=\"yoast-schema-graph\">{\"@context\":\"https:\/\/schema.org\",\"@graph\":[{\"@type\":\"WebPage\",\"@id\":\"https:\/\/voyagesracines.com\/en\/produit\/circuits-port-denarau\/\",\"url\":\"https:\/\/voyagesracines.com\/en\/produit\/circuits-port-denarau\/\",\"name\":\"Circuits Port Denarau - Voyages racines\",\"isPartOf\":{\"@id\":\"https:\/\/voyagesracines.com\/en\/#website\"},\"primaryImageOfPage\":{\"@id\":\"https:\/\/voyagesracines.com\/en\/produit\/circuits-port-denarau\/#primaryimage\"},\"image\":{\"@id\":\"https:\/\/voyagesracines.com\/en\/produit\/circuits-port-denarau\/#primaryimage\"},\"thumbnailUrl\":\"https:\/\/voyagesracines.com\/wp-content\/uploads\/2025\/10\/PORT-DENARAU-scaled.jpg\",\"datePublished\":\"2025-10-08T19:43:42+00:00\",\"dateModified\":\"2025-10-09T16:17:15+00:00\",\"breadcrumb\":{\"@id\":\"https:\/\/voyagesracines.com\/en\/produit\/circuits-port-denarau\/#breadcrumb\"},\"inLanguage\":\"en-US\",\"potentialAction\":[{\"@type\":\"ReadAction\",\"target\":[\"https:\/\/voyagesracines.com\/en\/produit\/circuits-port-denarau\/\"]}]},{\"@type\":\"ImageObject\",\"inLanguage\":\"en-US\",\"@id\":\"https:\/\/voyagesracines.com\/en\/produit\/circuits-port-denarau\/#primaryimage\",\"url\":\"https:\/\/voyagesracines.com\/wp-content\/uploads\/2025\/10\/PORT-DENARAU-scaled.jpg\",\"contentUrl\":\"https:\/\/voyagesracines.com\/wp-content\/uploads\/2025\/10\/PORT-DENARAU-scaled.jpg\",\"width\":1707,\"height\":2560},{\"@type\":\"BreadcrumbList\",\"@id\":\"https:\/\/voyagesracines.com\/en\/produit\/circuits-port-denarau\/#breadcrumb\",\"itemListElement\":[{\"@type\":\"ListItem\",\"position\":1,\"name\":\"Accueil\",\"item\":\"https:\/\/voyagesracines.com\/en\/home\/\"},{\"@type\":\"ListItem\",\"position\":2,\"name\":\"Boutique\",\"item\":\"https:\/\/voyagesracines.com\/boutique\/\"},{\"@type\":\"ListItem\",\"position\":3,\"name\":\"Circuits Port Denarau\"}]},{\"@type\":\"WebSite\",\"@id\":\"https:\/\/voyagesracines.com\/en\/#website\",\"url\":\"https:\/\/voyagesracines.com\/en\/\",\"name\":\"Voyages racines\",\"description\":\"\",\"potentialAction\":[{\"@type\":\"SearchAction\",\"target\":{\"@type\":\"EntryPoint\",\"urlTemplate\":\"https:\/\/voyagesracines.com\/en\/?s={search_term_string}\"},\"query-input\":{\"@type\":\"PropertyValueSpecification\",\"valueRequired\":true,\"valueName\":\"search_term_string\"}}],\"inLanguage\":\"en-US\"}]}<\/script>\n<!-- \/ Yoast SEO plugin. -->","yoast_head_json":{"title":"Circuits Port Denarau - Voyages racines","robots":{"index":"index","follow":"follow","max-snippet":"max-snippet:-1","max-image-preview":"max-image-preview:large","max-video-preview":"max-video-preview:-1"},"canonical":"https:\/\/voyagesracines.com\/en\/produit\/circuits-port-denarau\/","og_locale":"en_US","og_type":"article","og_title":"Circuits Port Denarau - Voyages racines","og_description":"S\u00c9JOUR H\u00d4TEL &#8211; PORT DENARAU H\u00c9BERGEMENT DE 7 NUITS \u00c0 [...]","og_url":"https:\/\/voyagesracines.com\/en\/produit\/circuits-port-denarau\/","og_site_name":"Voyages racines","article_modified_time":"2025-10-09T16:17:15+00:00","og_image":[{"width":1707,"height":2560,"url":"https:\/\/voyagesracines.com\/wp-content\/uploads\/2025\/10\/PORT-DENARAU-scaled.jpg","type":"image\/jpeg"}],"twitter_card":"summary_large_image","twitter_misc":{"Est. reading time":"1 minute"},"schema":{"@context":"https:\/\/schema.org","@graph":[{"@type":"WebPage","@id":"https:\/\/voyagesracines.com\/en\/produit\/circuits-port-denarau\/","url":"https:\/\/voyagesracines.com\/en\/produit\/circuits-port-denarau\/","name":"Circuits Port Denarau - Voyages racines","isPartOf":{"@id":"https:\/\/voyagesracines.com\/en\/#website"},"primaryImageOfPage":{"@id":"https:\/\/voyagesracines.com\/en\/produit\/circuits-port-denarau\/#primaryimage"},"image":{"@id":"https:\/\/voyagesracines.com\/en\/produit\/circuits-port-denarau\/#primaryimage"},"thumbnailUrl":"https:\/\/voyagesracines.com\/wp-content\/uploads\/2025\/10\/PORT-DENARAU-scaled.jpg","datePublished":"2025-10-08T19:43:42+00:00","dateModified":"2025-10-09T16:17:15+00:00","breadcrumb":{"@id":"https:\/\/voyagesracines.com\/en\/produit\/circuits-port-denarau\/#breadcrumb"},"inLanguage":"en-US","potentialAction":[{"@type":"ReadAction","target":["https:\/\/voyagesracines.com\/en\/produit\/circuits-port-denarau\/"]}]},{"@type":"ImageObject","inLanguage":"en-US","@id":"https:\/\/voyagesracines.com\/en\/produit\/circuits-port-denarau\/#primaryimage","url":"https:\/\/voyagesracines.com\/wp-content\/uploads\/2025\/10\/PORT-DENARAU-scaled.jpg","contentUrl":"https:\/\/voyagesracines.com\/wp-content\/uploads\/2025\/10\/PORT-DENARAU-scaled.jpg","width":1707,"height":2560},{"@type":"BreadcrumbList","@id":"https:\/\/voyagesracines.com\/en\/produit\/circuits-port-denarau\/#breadcrumb","itemListElement":[{"@type":"ListItem","position":1,"name":"Accueil","item":"https:\/\/voyagesracines.com\/en\/home\/"},{"@type":"ListItem","position":2,"name":"Boutique","item":"https:\/\/voyagesracines.com\/boutique\/"},{"@type":"ListItem","position":3,"name":"Circuits Port Denarau"}]},{"@type":"WebSite","@id":"https:\/\/voyagesracines.com\/en\/#website","url":"https:\/\/voyagesracines.com\/en\/","name":"Voyages racines","description":"","potentialAction":[{"@type":"SearchAction","target":{"@type":"EntryPoint","urlTemplate":"https:\/\/voyagesracines.com\/en\/?s={search_term_string}"},"query-input":{"@type":"PropertyValueSpecification","valueRequired":true,"valueName":"search_term_string"}}],"inLanguage":"en-US"}]}},"_links":{"self":[{"href":"https:\/\/voyagesracines.com\/en\/wp-json\/wp\/v2\/product\/1459","targetHints":{"allow":["GET"]}}],"collection":[{"href":"https:\/\/voyagesracines.com\/en\/wp-json\/wp\/v2\/product"}],"about":[{"href":"https:\/\/voyagesracines.com\/en\/wp-json\/wp\/v2\/types\/product"}],"replies":[{"embeddable":true,"href":"https:\/\/voyagesracines.com\/en\/wp-json\/wp\/v2\/comments?post=1459"}],"wp:featuredmedia":[{"embeddable":true,"href":"https:\/\/voyagesracines.com\/en\/wp-json\/wp\/v2\/media\/1464"}],"wp:attachment":[{"href":"https:\/\/voyagesracines.com\/en\/wp-json\/wp\/v2\/media?parent=1459"}],"wp:term":[{"taxonomy":"product_brand","embeddable":true,"href":"https:\/\/voyagesracines.com\/en\/wp-json\/wp\/v2\/product_brand?post=1459"},{"taxonomy":"product_cat","embeddable":true,"href":"https:\/\/voyagesracines.com\/en\/wp-json\/wp\/v2\/product_cat?post=1459"},{"taxonomy":"product_tag","embeddable":true,"href":"https:\/\/voyagesracines.com\/en\/wp-json\/wp\/v2\/product_tag?post=1459"}],"curies":[{"name":"wp","href":"https:\/\/api.w.org\/{rel}","templated":true}]}}