{"id":769,"date":"2025-10-07T01:57:29","date_gmt":"2025-10-07T01:57:29","guid":{"rendered":"https:\/\/voyagesracines.com\/?post_type=product&#038;p=769"},"modified":"2025-10-07T01:57:29","modified_gmt":"2025-10-07T01:57:29","slug":"circuits-bhoutan","status":"publish","type":"product","link":"https:\/\/voyagesracines.com\/en\/produit\/circuits-bhoutan\/","title":{"rendered":"Circuits Bhoutan"},"content":{"rendered":"<p>Pour le Bhoutan, laissez-nous vous accompagner dans la cr\u00e9ation d\u2019un itin\u00e9raire sur mesure, parfaitement adapt\u00e9 aux attentes et aux envies de chacun !<br \/>\nGr\u00e2ce \u00e0 nos partenaires locaux, nous concevrons un voyage qui correspondra \u00e0 vos go\u00fbts, \u00e0 votre budget et \u00e0 vos crit\u00e8res sp\u00e9cifiques.<br \/>\nQue ce soit pour des s\u00e9jours urbains, des excursions en train, des autotours en libert\u00e9, des extensions avant ou apr\u00e8s croisi\u00e8re, ou encore des visites guid\u00e9es\u2026 Confiez-nous votre projet, et nous nous occupons du reste !<br \/>\nContactez votre agent de voyages avec tous les d\u00e9tails de votre demande, et nous reviendrons rapidement avec une proposition personnalis\u00e9e.<\/p>\n<h4>AMIS AGENTS DE VOYAGES!<\/h4>\n<p>VOUS \u00caTES INT\u00c9RESS\u00c9 \u00c0 CR\u00c9ER UN GROUPE SUR CETTE DESTINATION ?<\/p>\n<p>Contactez-nous, et l\u2019un de nos sp\u00e9cialistes se chargera de faire de votre groupe un succ\u00e8s !<br \/>\nFaites-nous confiance, nous sommes l\u00e0 pour vous !<\/p>\n","protected":false},"excerpt":{"rendered":"<p>Pour le Bhoutan, laissez-nous vous accompagner dans la cr\u00e9ation d\u2019un  [&#8230;]<\/p>\n","protected":false},"featured_media":846,"comment_status":"open","ping_status":"closed","template":"","meta":{"inline_featured_image":false},"product_brand":[],"product_cat":[74],"product_tag":[],"class_list":{"0":"post-769","1":"product","2":"type-product","3":"status-publish","4":"has-post-thumbnail","6":"product_cat-bhoutan","8":"first","9":"instock","10":"taxable","11":"shipping-taxable","12":"product-type-simple"},"yoast_head":"<!-- This site is optimized with the Yoast SEO plugin v26.2 - https:\/\/yoast.com\/wordpress\/plugins\/seo\/ -->\n<title>Circuits Bhoutan - Voyages racines<\/title>\n<meta name=\"robots\" content=\"index, follow, max-snippet:-1, max-image-preview:large, max-video-preview:-1\" \/>\n<link rel=\"canonical\" href=\"https:\/\/voyagesracines.com\/en\/produit\/circuits-bhoutan\/\" \/>\n<meta property=\"og:locale\" content=\"en_US\" \/>\n<meta property=\"og:type\" content=\"article\" \/>\n<meta property=\"og:title\" content=\"Circuits Bhoutan - Voyages racines\" \/>\n<meta property=\"og:description\" content=\"Pour le Bhoutan, laissez-nous vous accompagner dans la cr\u00e9ation d\u2019un [...]\" \/>\n<meta property=\"og:url\" content=\"https:\/\/voyagesracines.com\/en\/produit\/circuits-bhoutan\/\" \/>\n<meta property=\"og:site_name\" content=\"Voyages racines\" \/>\n<meta property=\"og:image\" content=\"https:\/\/voyagesracines.com\/wp-content\/uploads\/2025\/09\/BHOUTAN.jpg\" \/>\n\t<meta property=\"og:image:width\" content=\"1024\" \/>\n\t<meta property=\"og:image:height\" content=\"683\" \/>\n\t<meta property=\"og:image:type\" content=\"image\/jpeg\" \/>\n<meta name=\"twitter:card\" content=\"summary_large_image\" \/>\n<meta name=\"twitter:label1\" content=\"Est. reading time\" \/>\n\t<meta name=\"twitter:data1\" content=\"1 minute\" \/>\n<script type=\"application\/ld+json\" class=\"yoast-schema-graph\">{\"@context\":\"https:\/\/schema.org\",\"@graph\":[{\"@type\":\"WebPage\",\"@id\":\"https:\/\/voyagesracines.com\/en\/produit\/circuits-bhoutan\/\",\"url\":\"https:\/\/voyagesracines.com\/en\/produit\/circuits-bhoutan\/\",\"name\":\"Circuits Bhoutan - Voyages racines\",\"isPartOf\":{\"@id\":\"https:\/\/voyagesracines.com\/en\/#website\"},\"primaryImageOfPage\":{\"@id\":\"https:\/\/voyagesracines.com\/en\/produit\/circuits-bhoutan\/#primaryimage\"},\"image\":{\"@id\":\"https:\/\/voyagesracines.com\/en\/produit\/circuits-bhoutan\/#primaryimage\"},\"thumbnailUrl\":\"https:\/\/voyagesracines.com\/wp-content\/uploads\/2025\/09\/BHOUTAN.jpg\",\"datePublished\":\"2025-10-07T01:57:29+00:00\",\"breadcrumb\":{\"@id\":\"https:\/\/voyagesracines.com\/en\/produit\/circuits-bhoutan\/#breadcrumb\"},\"inLanguage\":\"en-US\",\"potentialAction\":[{\"@type\":\"ReadAction\",\"target\":[\"https:\/\/voyagesracines.com\/en\/produit\/circuits-bhoutan\/\"]}]},{\"@type\":\"ImageObject\",\"inLanguage\":\"en-US\",\"@id\":\"https:\/\/voyagesracines.com\/en\/produit\/circuits-bhoutan\/#primaryimage\",\"url\":\"https:\/\/voyagesracines.com\/wp-content\/uploads\/2025\/09\/BHOUTAN.jpg\",\"contentUrl\":\"https:\/\/voyagesracines.com\/wp-content\/uploads\/2025\/09\/BHOUTAN.jpg\",\"width\":1024,\"height\":683},{\"@type\":\"BreadcrumbList\",\"@id\":\"https:\/\/voyagesracines.com\/en\/produit\/circuits-bhoutan\/#breadcrumb\",\"itemListElement\":[{\"@type\":\"ListItem\",\"position\":1,\"name\":\"Accueil\",\"item\":\"https:\/\/voyagesracines.com\/en\/home\/\"},{\"@type\":\"ListItem\",\"position\":2,\"name\":\"Boutique\",\"item\":\"https:\/\/voyagesracines.com\/boutique\/\"},{\"@type\":\"ListItem\",\"position\":3,\"name\":\"Circuits Bhoutan\"}]},{\"@type\":\"WebSite\",\"@id\":\"https:\/\/voyagesracines.com\/en\/#website\",\"url\":\"https:\/\/voyagesracines.com\/en\/\",\"name\":\"Voyages racines\",\"description\":\"\",\"potentialAction\":[{\"@type\":\"SearchAction\",\"target\":{\"@type\":\"EntryPoint\",\"urlTemplate\":\"https:\/\/voyagesracines.com\/en\/?s={search_term_string}\"},\"query-input\":{\"@type\":\"PropertyValueSpecification\",\"valueRequired\":true,\"valueName\":\"search_term_string\"}}],\"inLanguage\":\"en-US\"}]}<\/script>\n<!-- \/ Yoast SEO plugin. -->","yoast_head_json":{"title":"Circuits Bhoutan - Voyages racines","robots":{"index":"index","follow":"follow","max-snippet":"max-snippet:-1","max-image-preview":"max-image-preview:large","max-video-preview":"max-video-preview:-1"},"canonical":"https:\/\/voyagesracines.com\/en\/produit\/circuits-bhoutan\/","og_locale":"en_US","og_type":"article","og_title":"Circuits Bhoutan - Voyages racines","og_description":"Pour le Bhoutan, laissez-nous vous accompagner dans la cr\u00e9ation d\u2019un [...]","og_url":"https:\/\/voyagesracines.com\/en\/produit\/circuits-bhoutan\/","og_site_name":"Voyages racines","og_image":[{"width":1024,"height":683,"url":"https:\/\/voyagesracines.com\/wp-content\/uploads\/2025\/09\/BHOUTAN.jpg","type":"image\/jpeg"}],"twitter_card":"summary_large_image","twitter_misc":{"Est. reading time":"1 minute"},"schema":{"@context":"https:\/\/schema.org","@graph":[{"@type":"WebPage","@id":"https:\/\/voyagesracines.com\/en\/produit\/circuits-bhoutan\/","url":"https:\/\/voyagesracines.com\/en\/produit\/circuits-bhoutan\/","name":"Circuits Bhoutan - Voyages racines","isPartOf":{"@id":"https:\/\/voyagesracines.com\/en\/#website"},"primaryImageOfPage":{"@id":"https:\/\/voyagesracines.com\/en\/produit\/circuits-bhoutan\/#primaryimage"},"image":{"@id":"https:\/\/voyagesracines.com\/en\/produit\/circuits-bhoutan\/#primaryimage"},"thumbnailUrl":"https:\/\/voyagesracines.com\/wp-content\/uploads\/2025\/09\/BHOUTAN.jpg","datePublished":"2025-10-07T01:57:29+00:00","breadcrumb":{"@id":"https:\/\/voyagesracines.com\/en\/produit\/circuits-bhoutan\/#breadcrumb"},"inLanguage":"en-US","potentialAction":[{"@type":"ReadAction","target":["https:\/\/voyagesracines.com\/en\/produit\/circuits-bhoutan\/"]}]},{"@type":"ImageObject","inLanguage":"en-US","@id":"https:\/\/voyagesracines.com\/en\/produit\/circuits-bhoutan\/#primaryimage","url":"https:\/\/voyagesracines.com\/wp-content\/uploads\/2025\/09\/BHOUTAN.jpg","contentUrl":"https:\/\/voyagesracines.com\/wp-content\/uploads\/2025\/09\/BHOUTAN.jpg","width":1024,"height":683},{"@type":"BreadcrumbList","@id":"https:\/\/voyagesracines.com\/en\/produit\/circuits-bhoutan\/#breadcrumb","itemListElement":[{"@type":"ListItem","position":1,"name":"Accueil","item":"https:\/\/voyagesracines.com\/en\/home\/"},{"@type":"ListItem","position":2,"name":"Boutique","item":"https:\/\/voyagesracines.com\/boutique\/"},{"@type":"ListItem","position":3,"name":"Circuits Bhoutan"}]},{"@type":"WebSite","@id":"https:\/\/voyagesracines.com\/en\/#website","url":"https:\/\/voyagesracines.com\/en\/","name":"Voyages racines","description":"","potentialAction":[{"@type":"SearchAction","target":{"@type":"EntryPoint","urlTemplate":"https:\/\/voyagesracines.com\/en\/?s={search_term_string}"},"query-input":{"@type":"PropertyValueSpecification","valueRequired":true,"valueName":"search_term_string"}}],"inLanguage":"en-US"}]}},"_links":{"self":[{"href":"https:\/\/voyagesracines.com\/en\/wp-json\/wp\/v2\/product\/769","targetHints":{"allow":["GET"]}}],"collection":[{"href":"https:\/\/voyagesracines.com\/en\/wp-json\/wp\/v2\/product"}],"about":[{"href":"https:\/\/voyagesracines.com\/en\/wp-json\/wp\/v2\/types\/product"}],"replies":[{"embeddable":true,"href":"https:\/\/voyagesracines.com\/en\/wp-json\/wp\/v2\/comments?post=769"}],"wp:featuredmedia":[{"embeddable":true,"href":"https:\/\/voyagesracines.com\/en\/wp-json\/wp\/v2\/media\/846"}],"wp:attachment":[{"href":"https:\/\/voyagesracines.com\/en\/wp-json\/wp\/v2\/media?parent=769"}],"wp:term":[{"taxonomy":"product_brand","embeddable":true,"href":"https:\/\/voyagesracines.com\/en\/wp-json\/wp\/v2\/product_brand?post=769"},{"taxonomy":"product_cat","embeddable":true,"href":"https:\/\/voyagesracines.com\/en\/wp-json\/wp\/v2\/product_cat?post=769"},{"taxonomy":"product_tag","embeddable":true,"href":"https:\/\/voyagesracines.com\/en\/wp-json\/wp\/v2\/product_tag?post=769"}],"curies":[{"name":"wp","href":"https:\/\/api.w.org\/{rel}","templated":true}]}}